{"id":1198,"date":"2018-11-14T10:09:45","date_gmt":"2018-11-14T10:09:45","guid":{"rendered":"https:\/\/skk-komen.si\/nova\/?page_id=1198"},"modified":"2019-01-28T10:18:37","modified_gmt":"2019-01-28T10:18:37","slug":"kje-smo","status":"publish","type":"page","link":"https:\/\/skk-komen.si\/?page_id=1198","title":{"rendered":"KJE SMO"},"content":{"rendered":"<div id=\"pl-1198\"  class=\"panel-layout\" ><div id=\"pg-1198-0\"  class=\"panel-grid panel-no-style\" ><div id=\"pgc-1198-0-0\"  class=\"panel-grid-cell\" ><div id=\"panel-1198-0-0-0\" class=\"so-panel widget widget_text panel-first-child\" data-index=\"0\" >\t\t\t<div class=\"textwidget\"><p><strong>Nahajamo se med osnovno \u0161olo in nogometnim igri\u0161\u010dem. Dostop do poligona je pri osnovni \u0161oli desno, preko gozdne poti.<\/strong><\/p>\n<p><strong>Koordinate :<br \/>\n45.822579, 13.751239<\/strong><\/p>\n<p><strong>Poligon se nahaja med stadionom in osnovno \u0161olo. Izvoz iz ceste je pri osnovni \u0161oli.<\/strong><\/p>\n<\/div>\n\t\t<\/div><div id=\"panel-1198-0-0-1\" class=\"widget_text so-panel widget widget_custom_html panel-last-child\" data-index=\"1\" ><div class=\"textwidget custom-html-widget\"><iframe loading=\"lazy\" src=\"https:\/\/www.google.com\/maps\/embed?pb=!1m18!1m12!1m3!1d2780.4346867915983!2d13.749050315934438!3d45.8225789791068!2m3!1f0!2f0!3f0!3m2!1i1024!2i768!4f13.1!3m3!1m2!1s0x0%3A0x0!2zNDXCsDQ5JzIxLjMiTiAxM8KwNDUnMDQuNSJF!5e0!3m2!1ssl!2ssi!4v1547891969347\" width=\"1800\" height=\"600\" frameborder=\"0\" style=\"border:0\" allowfullscreen><\/iframe><\/div><\/div><\/div><\/div><\/div>","protected":false},"excerpt":{"rendered":"<p>Nahajamo se med osnovno \u0161olo in nogometnim igri\u0161\u010dem. Dostop do poligona je pri osnovni \u0161oli desno, preko gozdne poti. Koordinate : 45.822579, 13.751239 Poligon se nahaja med stadionom in osnovno \u0161olo. Izvoz iz ceste je pri osnovni \u0161oli.<\/p>\n","protected":false},"author":1,"featured_media":0,"parent":32,"menu_order":0,"comment_status":"closed","ping_status":"closed","template":"templates\/template-fullwidth.php","meta":{"footnotes":""},"class_list":["post-1198","page","type-page","status-publish","hentry"],"_links":{"self":[{"href":"https:\/\/skk-komen.si\/index.php?rest_route=\/wp\/v2\/pages\/1198","targetHints":{"allow":["GET"]}}],"collection":[{"href":"https:\/\/skk-komen.si\/index.php?rest_route=\/wp\/v2\/pages"}],"about":[{"href":"https:\/\/skk-komen.si\/index.php?rest_route=\/wp\/v2\/types\/page"}],"author":[{"embeddable":true,"href":"https:\/\/skk-komen.si\/index.php?rest_route=\/wp\/v2\/users\/1"}],"replies":[{"embeddable":true,"href":"https:\/\/skk-komen.si\/index.php?rest_route=%2Fwp%2Fv2%2Fcomments&post=1198"}],"version-history":[{"count":23,"href":"https:\/\/skk-komen.si\/index.php?rest_route=\/wp\/v2\/pages\/1198\/revisions"}],"predecessor-version":[{"id":1642,"href":"https:\/\/skk-komen.si\/index.php?rest_route=\/wp\/v2\/pages\/1198\/revisions\/1642"}],"up":[{"embeddable":true,"href":"https:\/\/skk-komen.si\/index.php?rest_route=\/wp\/v2\/pages\/32"}],"wp:attachment":[{"href":"https:\/\/skk-komen.si\/index.php?rest_route=%2Fwp%2Fv2%2Fmedia&parent=1198"}],"curies":[{"name":"wp","href":"https:\/\/api.w.org\/{rel}","templated":true}]}}