{"id":32,"date":"2018-11-13T09:38:17","date_gmt":"2018-11-13T09:38:17","guid":{"rendered":"https:\/\/skk-komen.si\/nova\/?page_id=32"},"modified":"2019-02-07T10:41:30","modified_gmt":"2019-02-07T10:41:30","slug":"o-nas","status":"publish","type":"page","link":"https:\/\/skk-komen.si\/?page_id=32","title":{"rendered":"O NAS"},"content":{"rendered":"<div id=\"pl-32\"  class=\"panel-layout\" ><div id=\"pg-32-0\"  class=\"panel-grid panel-no-style\" ><div id=\"pgc-32-0-0\"  class=\"panel-grid-cell\" ><div id=\"panel-32-0-0-0\" class=\"so-panel widget widget_text panel-first-child panel-last-child\" data-index=\"0\" >\t\t\t<div class=\"textwidget\"><p><img loading=\"lazy\" decoding=\"async\" class=\"size-full wp-image-1440 alignleft\" src=\"https:\/\/skk-komen.si\/wp-content\/uploads\/2019\/01\/skk-logotip.jpg\" alt=\"\" width=\"250\" height=\"164\" \/>\u0160portni kinolo\u0161ki klub Komen je bil ustanovljen marca 2000. Leta 2001 smo postali polnopravni \u010dlani Kinolo\u0161ke Zveze Slovenije. Prvi predsednik kluba je bil Marko Bandelli. Po njem je klubu predsedoval Zlatko Lah, ki je bil tudi in\u0161truktor. Nasledili sta ga Sonja Tomin\u0161ek in nato Milojka Mili\u010d. Sedanja predsednica je Vera Polj\u0161ak.<br \/>\nV klubu se dru\u017eijo vodniki, vzreditelji, tekmovalci in ljubitelji psov. Na\u0161 namen je izobra\u017eevanje lastnikov, \u0161olanje in socializacija psov. V teh letih delovanja je obiskovalo na\u0161e te\u010daje veliko \u0161tevilo lastnikov psov, ki so opravljali \u0161olanje po programih male \u0161ole, BBH, IPO in Rally obedience. Ker se nahajamo v bli\u017eini Italije, prihajajo na \u0161olanje tudi zamejci in Italijani.<br \/>\nPrav posebno pozornost posve\u010damo otrokom. V ta namen z na\u0161imi psi obiskujemo vrtce in \u0161ole, kjer otroke seznanjamo s kinologijo.<br \/>\nV klubu gojimo tudi rekreativne dru\u017eabnosti. Ob nedeljah imamo dru\u017eenje \u010dlanov in ljubiteljev psov, kjer si ob kavici izmenjujemo kinolo\u0161ke izku\u0161nje, nasvete in podobno. Po klepetu pa se odpravimo na poligon utrjevat vaje poslu\u0161nosti. Velikokrat se skupaj podamo na kinolo\u0161ke pohode, na katerih ne manjka dobre volje.<br \/>\nLeta 2011 je v klubu nastopilo novo vodstvo, ki je prevetrilo in o\u017eivelo delovanje kluba. Kar \u0161tirje \u010dlani so opravili izpit za in\u0161truktorja in sicer trije za vodjo osnovne vrste \u0161olanja, eden pa za vodjo osnovnega \u0161olanja.<br \/>\nNa\u0161 dolgoletni \u010dlan \u0160tefan Harej je, poleg izpita za vodjo osnovne vrste \u0161olanja, opravil izpit in\u0161truktorja za Rally obedience. Leta 2014 je postal dr\u017eavni prvak v svoji kategoriji.<br \/>\nVsako leto priredimo Specialno razstavo nem\u0161kih ov\u010darjev, ki se je udele\u017eijo razstavljavci iz Slovenije, Italije, Hrva\u0161ke in Avstrije. V ta namen imamo na poligonu ring, kjer \u010dlani kluba trenirajo in pripravljajo svoje pse za udele\u017ebo na pasjih razstavah.<br \/>\nKlub zelo uspe\u0161no sodeluje tudi s Kinolo\u0161kim dru\u0161tvom nem\u0161kih ov\u010darjev Slovenije, saj smo skupaj \u017ee ve\u010dkrat organizirali Glavno dr\u017eavno vzrejno razstavo nem\u0161kih ov\u010darjev.<br \/>\nStrokovno delo v klubu temelji tudi na vzreji psov. \u0160tirje \u010dlani kluba imajo pri FCI registrirane psarne. V treh psarnah vzrejajo nem\u0161ke ov\u010darje, v eni pa kra\u0161ke ov\u010darje.<\/p>\n<\/div>\n\t\t<\/div><\/div><\/div><\/div>","protected":false},"excerpt":{"rendered":"<p>\u0160portni kinolo\u0161ki klub Komen je bil ustanovljen marca 2000. Leta 2001 smo postali polnopravni \u010dlani Kinolo\u0161ke Zveze Slovenije. Prvi predsednik kluba je bil Marko Bandelli. Po njem je klubu predsedoval Zlatko Lah, ki je bil tudi in\u0161truktor. Nasledili sta ga Sonja Tomin\u0161ek in nato Milojka Mili\u010d. Sedanja predsednica je Vera Polj\u0161ak. V klubu se dru\u017eijo [&hellip;]<\/p>\n","protected":false},"author":1,"featured_media":0,"parent":0,"menu_order":0,"comment_status":"closed","ping_status":"closed","template":"templates\/template-fullwidth.php","meta":{"footnotes":""},"class_list":["post-32","page","type-page","status-publish","hentry"],"_links":{"self":[{"href":"https:\/\/skk-komen.si\/index.php?rest_route=\/wp\/v2\/pages\/32","targetHints":{"allow":["GET"]}}],"collection":[{"href":"https:\/\/skk-komen.si\/index.php?rest_route=\/wp\/v2\/pages"}],"about":[{"href":"https:\/\/skk-komen.si\/index.php?rest_route=\/wp\/v2\/types\/page"}],"author":[{"embeddable":true,"href":"https:\/\/skk-komen.si\/index.php?rest_route=\/wp\/v2\/users\/1"}],"replies":[{"embeddable":true,"href":"https:\/\/skk-komen.si\/index.php?rest_route=%2Fwp%2Fv2%2Fcomments&post=32"}],"version-history":[{"count":14,"href":"https:\/\/skk-komen.si\/index.php?rest_route=\/wp\/v2\/pages\/32\/revisions"}],"predecessor-version":[{"id":1682,"href":"https:\/\/skk-komen.si\/index.php?rest_route=\/wp\/v2\/pages\/32\/revisions\/1682"}],"wp:attachment":[{"href":"https:\/\/skk-komen.si\/index.php?rest_route=%2Fwp%2Fv2%2Fmedia&parent=32"}],"curies":[{"name":"wp","href":"https:\/\/api.w.org\/{rel}","templated":true}]}}